{"id":58,"date":"2017-07-19T06:06:57","date_gmt":"2017-07-19T06:06:57","guid":{"rendered":"http:\/\/erftkanu.de\/?page_id=58"},"modified":"2026-01-22T19:17:26","modified_gmt":"2026-01-22T19:17:26","slug":"impressum","status":"publish","type":"page","link":"https:\/\/erftkanu.de\/?page_id=58","title":{"rendered":"Impressum"},"content":{"rendered":"<p>Verantwortlich:<\/p>\n<p style=\"padding-left: 30px;\">Kanu Club Grevenbroich e.V.<\/p>\n<p>Vertretungsberechtigter Vorstand:<\/p>\n<p style=\"padding-left: 30px;\">Karl-Peter Reinders (1. Vorsitzender)<br \/>\nStefan Rolfes (2. Vorsitzender)<br \/>\nAndrea Huhnstock (Kassierer)<\/p>\n<p>Inhaltlich verantwortlich gem\u00e4\u00df \u00a7 6 MDStV:<\/p>\n<p style=\"padding-left: 30px;\">Jens Reibiger<\/p>\n<p>Kontakt:<\/p>\n<p style=\"padding-left: 30px;\">E-Mail: webmaster(\u00e4t)erftkanu.de<\/p>\n<p>Registereintrag:<\/p>\n<p style=\"padding-left: 30px;\">Eintragung im Vereinsregister<br \/>\nRegistergericht: Amtsgericht Grevenbroich<br \/>\nRegisternummer: VR 271<\/p>\n<p>Haftungsausschluss:<\/p>\n<p style=\"padding-left: 30px;\">Die auf dem Server bereitgestellten Angaben wurden sorgf\u00e4ltig gepr\u00fcft. Dessen ungeachtet kann keine Gew\u00e4hr f\u00fcr die Korrektheit, Vollst\u00e4ndigkeit, Qualit\u00e4t oder letzte Aktualit\u00e4t der Angaben bzw. bereitgestellten Informationen \u00fcbernommen werden.<\/p>\n<p style=\"padding-left: 30px;\">Trotz sorgf\u00e4ltiger inhaltlicher Kontrolle \u00fcbernehmen wir keine Haftung f\u00fcr die Inhalte externer Links. F\u00fcr den Inhalt der verlinkten Seiten sind ausschlie\u00dflich deren Betreiber verantwortlich.<\/p>\n","protected":false},"excerpt":{"rendered":"<p>Verantwortlich: Kanu Club Grevenbroich e.V. Vertretungsberechtigter Vorstand: Karl-Peter Reinders (1. Vorsitzender) Stefan Rolfes (2. Vorsitzender) Andrea Huhnstock (Kassierer) Inhaltlich verantwortlich gem\u00e4\u00df \u00a7 6 MDStV: Jens Reibiger Kontakt: E-Mail: webmaster(\u00e4t)erftkanu.de Registereintrag: &hellip; <a href=\"https:\/\/erftkanu.de\/?page_id=58\" class=\"more-link\"><span class=\"screen-reader-text\">Impressum<\/span> weiterlesen<\/a><\/p>\n","protected":false},"author":1,"featured_media":0,"parent":0,"menu_order":0,"comment_status":"closed","ping_status":"closed","template":"","meta":{"footnotes":""},"class_list":["post-58","page","type-page","status-publish","hentry"],"_links":{"self":[{"href":"https:\/\/erftkanu.de\/index.php?rest_route=\/wp\/v2\/pages\/58","targetHints":{"allow":["GET"]}}],"collection":[{"href":"https:\/\/erftkanu.de\/index.php?rest_route=\/wp\/v2\/pages"}],"about":[{"href":"https:\/\/erftkanu.de\/index.php?rest_route=\/wp\/v2\/types\/page"}],"author":[{"embeddable":true,"href":"https:\/\/erftkanu.de\/index.php?rest_route=\/wp\/v2\/users\/1"}],"replies":[{"embeddable":true,"href":"https:\/\/erftkanu.de\/index.php?rest_route=%2Fwp%2Fv2%2Fcomments&post=58"}],"version-history":[{"count":3,"href":"https:\/\/erftkanu.de\/index.php?rest_route=\/wp\/v2\/pages\/58\/revisions"}],"predecessor-version":[{"id":1623,"href":"https:\/\/erftkanu.de\/index.php?rest_route=\/wp\/v2\/pages\/58\/revisions\/1623"}],"wp:attachment":[{"href":"https:\/\/erftkanu.de\/index.php?rest_route=%2Fwp%2Fv2%2Fmedia&parent=58"}],"curies":[{"name":"wp","href":"https:\/\/api.w.org\/{rel}","templated":true}]}}