{"id":12,"date":"2017-07-17T21:53:47","date_gmt":"2017-07-17T21:53:47","guid":{"rendered":"http:\/\/erftkanu.de\/?page_id=12"},"modified":"2023-11-22T21:04:57","modified_gmt":"2023-11-22T21:04:57","slug":"kc-grevenbroich","status":"publish","type":"page","link":"https:\/\/erftkanu.de\/","title":{"rendered":"KC Grevenbroich"},"content":{"rendered":"<p>Willkommen beim Kanu Club Grevenbroich 1953 e. V.<\/p>\n<p>Wir sind als Verein f\u00fcr Kanusport beheimatet in Grevenbroich an der Erft. Unsere jugendlichen Vereinsmitglieder und Sch\u00fcler f\u00fchren wir an Kanuslalom und Wildwasserrennsport heran. Unsere Wanderfahrer paddeln sch\u00f6ne k\u00fcrzere und l\u00e4ngere Kanuwandertouren. Wir haben Trainingsm\u00f6glichkeiten f\u00fcr Kanurodeo.<\/p>\n<p>Unser Bootshaus liegt direkt an der Erft in der Schlo\u00dfstra\u00dfe in Grevenbroich, hinter dem Stadion. Hier befindet sich auch unser Wildwasserkanal.<\/p>\n","protected":false},"excerpt":{"rendered":"<p>Willkommen beim Kanu Club Grevenbroich 1953 e. V. Wir sind als Verein f\u00fcr Kanusport beheimatet in Grevenbroich an der Erft. Unsere jugendlichen Vereinsmitglieder und Sch\u00fcler f\u00fchren wir an Kanuslalom und &hellip; <a href=\"https:\/\/erftkanu.de\/\" class=\"more-link\"><span class=\"screen-reader-text\">KC Grevenbroich<\/span> weiterlesen<\/a><\/p>\n","protected":false},"author":1,"featured_media":0,"parent":0,"menu_order":0,"comment_status":"closed","ping_status":"closed","template":"","meta":{"footnotes":""},"class_list":["post-12","page","type-page","status-publish","hentry"],"_links":{"self":[{"href":"https:\/\/erftkanu.de\/index.php?rest_route=\/wp\/v2\/pages\/12","targetHints":{"allow":["GET"]}}],"collection":[{"href":"https:\/\/erftkanu.de\/index.php?rest_route=\/wp\/v2\/pages"}],"about":[{"href":"https:\/\/erftkanu.de\/index.php?rest_route=\/wp\/v2\/types\/page"}],"author":[{"embeddable":true,"href":"https:\/\/erftkanu.de\/index.php?rest_route=\/wp\/v2\/users\/1"}],"replies":[{"embeddable":true,"href":"https:\/\/erftkanu.de\/index.php?rest_route=%2Fwp%2Fv2%2Fcomments&post=12"}],"version-history":[{"count":6,"href":"https:\/\/erftkanu.de\/index.php?rest_route=\/wp\/v2\/pages\/12\/revisions"}],"predecessor-version":[{"id":1068,"href":"https:\/\/erftkanu.de\/index.php?rest_route=\/wp\/v2\/pages\/12\/revisions\/1068"}],"wp:attachment":[{"href":"https:\/\/erftkanu.de\/index.php?rest_route=%2Fwp%2Fv2%2Fmedia&parent=12"}],"curies":[{"name":"wp","href":"https:\/\/api.w.org\/{rel}","templated":true}]}}